{"id":13961,"date":"2026-03-18T10:11:56","date_gmt":"2026-03-18T09:11:56","guid":{"rendered":"https:\/\/worldinternationalschool.com\/lss-liceo-scientifico-sportivo\/"},"modified":"2026-04-22T14:56:00","modified_gmt":"2026-04-22T13:56:00","slug":"lss-liceo-scientifico-sportivo","status":"publish","type":"page","link":"https:\/\/www.worldinternationalschool.com\/en\/lss-liceo-scientifico-sportivo\/","title":{"rendered":"LSS &#8211; Liceo Scientifico Sportivo"},"content":{"rendered":"<p>[et_pb_section fb_built=&#8221;1&#8243; _builder_version=&#8221;4.27.6&#8243; _module_preset=&#8221;default&#8221; background_image=&#8221;https:\/\/worldinternationalschool.com\/wp-content\/uploads\/2026\/03\/hero_LSS.jpg&#8221; global_colors_info=&#8221;{}&#8221;][et_pb_row column_structure=&#8221;1_2,1_2&#8243; _builder_version=&#8221;4.27.6&#8243; _module_preset=&#8221;default&#8221; custom_padding=&#8221;160px||160px||false|false&#8221; global_colors_info=&#8221;{}&#8221;][et_pb_column type=&#8221;1_2&#8243; _builder_version=&#8221;4.27.6&#8243; _module_preset=&#8221;default&#8221; global_colors_info=&#8221;{}&#8221;][\/et_pb_column][et_pb_column type=&#8221;1_2&#8243; _builder_version=&#8221;4.27.6&#8243; _module_preset=&#8221;default&#8221; custom_css_main_element=&#8221;background-color: #003B4F;||padding: 40px;||border-bottom: 12px solid #C29D60;||border-left: 12px solid #C29D60;&#8221; global_colors_info=&#8221;{}&#8221;][et_pb_text _builder_version=&#8221;4.27.6&#8243; _module_preset=&#8221;default&#8221; text_font=&#8221;&#8211;et_global_body_font|700||on|||||&#8221; text_font_size=&#8221;16px&#8221; header_font=&#8221;&#8211;et_global_body_font|700|||||||&#8221; header_font_size=&#8221;74px&#8221; background_layout=&#8221;dark&#8221; global_colors_info=&#8221;{}&#8221;]<\/p>\n<h1>Entra<br \/>in <span style=\"text-decoration-line: line-through;\">classe<\/span><br \/><span style=\"color: #c29d60;\">Pista<\/span><\/h1>\n<p>Scopri il nuovo percorso di Maturit\u00e0 a indirizzo scientifico sportivo.<\/p>\n<p>[\/et_pb_text][et_pb_button button_text=&#8221;RICHIEDI INFORMAZIONI&#8221; _builder_version=&#8221;4.27.6&#8243; _module_preset=&#8221;default&#8221; custom_button=&#8221;on&#8221; button_text_size=&#8221;16px&#8221; button_text_color=&#8221;#FFFFFF&#8221; button_bg_color=&#8221;RGBA(255,255,255,0)&#8221; button_border_width=&#8221;4px&#8221; button_border_color=&#8221;#FFFFFF&#8221; button_border_radius=&#8221;40px&#8221; button_font=&#8221;|700||on|||||&#8221; button_use_icon=&#8221;off&#8221; global_colors_info=&#8221;{}&#8221;][\/et_pb_button][\/et_pb_column][\/et_pb_row][\/et_pb_section][et_pb_section fb_built=&#8221;1&#8243; _builder_version=&#8221;4.27.6&#8243; _module_preset=&#8221;default&#8221; background_color=&#8221;#C29D60&#8243; custom_padding=&#8221;0px||0px||false|false&#8221; global_colors_info=&#8221;{}&#8221;][et_pb_row _builder_version=&#8221;4.27.6&#8243; _module_preset=&#8221;default&#8221; background_enable_color=&#8221;off&#8221; width=&#8221;100%&#8221; max_width=&#8221;100%&#8221; global_colors_info=&#8221;{}&#8221;][et_pb_column type=&#8221;4_4&#8243; _builder_version=&#8221;4.27.6&#8243; _module_preset=&#8221;default&#8221; global_colors_info=&#8221;{}&#8221;][et_pb_text _builder_version=&#8221;4.27.6&#8243; _module_preset=&#8221;default&#8221; text_font=&#8221;|700|||||||&#8221; text_font_size=&#8221;80px&#8221; text_line_height=&#8221;90px&#8221; text_orientation=&#8221;center&#8221; background_layout=&#8221;dark&#8221; global_colors_info=&#8221;{}&#8221;]<\/p>\n<p>BENVENUTI IN LSS BY WINS<\/p>\n<p>[\/et_pb_text][\/et_pb_column][\/et_pb_row][\/et_pb_section][et_pb_section fb_built=&#8221;1&#8243; _builder_version=&#8221;4.27.6&#8243; _module_preset=&#8221;default&#8221; background_color=&#8221;#003B4F&#8221; global_colors_info=&#8221;{}&#8221;][et_pb_row column_structure=&#8221;3_5,2_5&#8243; _builder_version=&#8221;4.27.6&#8243; _module_preset=&#8221;default&#8221; global_colors_info=&#8221;{}&#8221;][et_pb_column type=&#8221;3_5&#8243; _builder_version=&#8221;4.27.6&#8243; _module_preset=&#8221;default&#8221; global_colors_info=&#8221;{}&#8221;][et_pb_image src=&#8221;https:\/\/worldinternationalschool.com\/wp-content\/uploads\/2026\/03\/percorso_LSS.jpg&#8221; title_text=&#8221;percorso_LSS&#8221; _builder_version=&#8221;4.27.6&#8243; _module_preset=&#8221;default&#8221; global_colors_info=&#8221;{}&#8221;][\/et_pb_image][\/et_pb_column][et_pb_column type=&#8221;2_5&#8243; _builder_version=&#8221;4.27.6&#8243; _module_preset=&#8221;default&#8221; global_colors_info=&#8221;{}&#8221;][et_pb_text _builder_version=&#8221;4.27.6&#8243; _module_preset=&#8221;default&#8221; text_font_size=&#8221;16px&#8221; header_2_font=&#8221;&#8211;et_global_body_font|700|||||||&#8221; header_2_font_size=&#8221;44px&#8221; background_layout=&#8221;dark&#8221; custom_css_free_form=&#8221;selector h2{margin-bottom:40px;}||selector p {padding-bottom: 1em !important;}&#8221; global_colors_info=&#8221;{}&#8221;]<\/p>\n<h2>Il percorso di <span style=\"color: #c29d60;\">Maturit\u00e0 Italiana<\/span> a misura di Atleta Internazionale<\/h2>\n<p>LSS by WINS \u00e8 il percorso di Maturit\u00e0 Scientifica a indirizzo Sportivo pensato per studenti che desiderano conciliare un impegno sportivo strutturato con una preparazione scientifica completa e riconosciuta.<\/p>\n<p>Un percorso quinquennale che mantiene il rigore della maturit\u00e0 scientifica e integra lo sport come dimensione culturale, metodologica e professionale per aprire a tutte le possibilit\u00e0 universitarie, oltre che accelerare la carriera sportiva.<\/p>\n<p>[\/et_pb_text][\/et_pb_column][\/et_pb_row][et_pb_row column_structure=&#8221;3_5,2_5&#8243; _builder_version=&#8221;4.27.6&#8243; _module_preset=&#8221;default&#8221; global_colors_info=&#8221;{}&#8221;][et_pb_column type=&#8221;3_5&#8243; _builder_version=&#8221;4.27.6&#8243; _module_preset=&#8221;default&#8221; global_colors_info=&#8221;{}&#8221;][et_pb_text _builder_version=&#8221;4.27.6&#8243; _module_preset=&#8221;default&#8221; text_font_size=&#8221;16px&#8221; header_2_font=&#8221;&#8211;et_global_body_font|700|||||||&#8221; header_2_font_size=&#8221;44px&#8221; background_layout=&#8221;dark&#8221; custom_css_free_form=&#8221;selector h2{margin-bottom:40px;}||selector p {padding-bottom: 1em !important;}&#8221; global_colors_info=&#8221;{}&#8221;]<\/p>\n<h2>Lo Sport come<br \/>\n<span style=\"color:#C29D60;\">modello educativo<\/span><\/h2>\n<p>In LSS By WINS lo sport non \u00e8 solo una pratica motoria, \u00e8 considerato un vero e proprio sistema di apprendimento e sviluppo, della persona e della societ\u00e0. Qui, l\u2019equilibrio tra sport e studio non \u00e8 solo possibile, \u00e8 funzionale alla crescita personale e accademica.<\/p>\n<ul>\n<li>pianificazione oraria flessibile in funzione degli impegni sportivi<\/li>\n<li>affiancamento di un tutor scolastico e un tutor sportivo dedicato<\/li>\n<li>coordinamento e incontri con allenatori e famiglie e tutor<\/li>\n<li>utilizzo responsabile di strumenti digitali per garantire continuit\u00e0 apprendimento a distanza<\/li>\n<li>corsi di recupero personalizzati in base agli impegni agonistici<\/li>\n<li>sportello psicologico su richiesta<\/li>\n<\/ul>\n<p>[\/et_pb_text][\/et_pb_column][et_pb_column type=&#8221;2_5&#8243; _builder_version=&#8221;4.27.6&#8243; _module_preset=&#8221;default&#8221; global_colors_info=&#8221;{}&#8221;][et_pb_image src=&#8221;https:\/\/worldinternationalschool.com\/wp-content\/uploads\/2026\/03\/sport_LSS.jpg&#8221; title_text=&#8221;sport_LSS&#8221; _builder_version=&#8221;4.27.6&#8243; _module_preset=&#8221;default&#8221; global_colors_info=&#8221;{}&#8221;][\/et_pb_image][\/et_pb_column][\/et_pb_row][\/et_pb_section][et_pb_section fb_built=&#8221;1&#8243; _builder_version=&#8221;4.27.6&#8243; _module_preset=&#8221;default&#8221; global_colors_info=&#8221;{}&#8221;][et_pb_row column_structure=&#8221;1_3,2_3&#8243; _builder_version=&#8221;4.27.6&#8243; _module_preset=&#8221;default&#8221; global_colors_info=&#8221;{}&#8221;][et_pb_column type=&#8221;1_3&#8243; _builder_version=&#8221;4.27.6&#8243; _module_preset=&#8221;default&#8221; global_colors_info=&#8221;{}&#8221;][et_pb_image src=&#8221;https:\/\/worldinternationalschool.com\/wp-content\/uploads\/2026\/03\/formazione_LSS.jpg&#8221; title_text=&#8221;formazione_LSS&#8221; _builder_version=&#8221;4.27.6&#8243; _module_preset=&#8221;default&#8221; global_colors_info=&#8221;{}&#8221;][\/et_pb_image][\/et_pb_column][et_pb_column type=&#8221;2_3&#8243; _builder_version=&#8221;4.27.6&#8243; _module_preset=&#8221;default&#8221; global_colors_info=&#8221;{}&#8221;][et_pb_text _builder_version=&#8221;4.27.6&#8243; _module_preset=&#8221;default&#8221; text_font_size=&#8221;16px&#8221; header_2_font=&#8221;&#8211;et_global_body_font|700|||||||&#8221; header_2_text_color=&#8221;#000000&#8243; header_2_font_size=&#8221;44px&#8221; custom_css_free_form=&#8221;selector h2{margin-bottom:40px;}||selector p {padding-bottom: 1em !important;}&#8221; global_colors_info=&#8221;{}&#8221;]<\/p>\n<h2>Una <span style=\"color:#C29D60;\">formazione scientifica<\/span> completa<\/h2>\n<p>Il programma LSS By WINS mantiene l\u2019impianto culturale del Liceo Scientifico tradizionale con un importante focus su Italiano, Matematica, Scienze, Filosofia e lingua Inglese, con l\u2019aggiunta di materie di indirizzo come Diritto ed Economia dello Sport; e formazione su orientamento Universitario e professionale.<\/p>\n<p>Gli studenti sviluppano:<\/p>\n<ul>\n<li>competenze matematiche e scientifiche solide<\/li>\n<li>capacit\u00e0 di analisi e di problem solving<\/li>\n<li>rigore logico e autonomia di pensiero<\/li>\n<li>consapevolezza del rapporto tra scienza, tecnologia e societ\u00e0<\/li>\n<li>metodo scientifico applicato anche all\u2019ambito sportivo<\/li>\n<li>comprensione delle dimensioni economiche, giuridiche e sociali dello sport<\/li>\n<li>attenzione agli obiettivi di sviluppo sostenibile e alla responsabilit\u00e0 sociale<\/li>\n<\/ul>\n<p>[\/et_pb_text][\/et_pb_column][\/et_pb_row][et_pb_row column_structure=&#8221;2_3,1_3&#8243; _builder_version=&#8221;4.27.6&#8243; _module_preset=&#8221;default&#8221; global_colors_info=&#8221;{}&#8221;][et_pb_column type=&#8221;2_3&#8243; _builder_version=&#8221;4.27.6&#8243; _module_preset=&#8221;default&#8221; global_colors_info=&#8221;{}&#8221;][et_pb_text _builder_version=&#8221;4.27.6&#8243; _module_preset=&#8221;default&#8221; text_font_size=&#8221;16px&#8221; header_2_font=&#8221;&#8211;et_global_body_font|700|||||||&#8221; header_2_text_color=&#8221;#000000&#8243; header_2_font_size=&#8221;44px&#8221; custom_css_free_form=&#8221;selector h2{margin-bottom:40px;}||selector p {padding-bottom: 1em !important;}&#8221; global_colors_info=&#8221;{}&#8221;]<\/p>\n<h2>Accesso completo alla formazione Universitaria e Professionale.<\/h2>\n<p>Il diploma conseguito al termine del programma di maturit\u00e0 scientifica LSS By WINS \u00e8 valido per l\u2019accesso a qualsiasi percorso universitario. Nello specifico il percorso introduce gli studenti a diversi ambiti specifici, tra cui:<\/p>\n<ul>\n<li>management sportivo<\/li>\n<li>organizzazione di eventi<\/li>\n<li>preparazione fisica<\/li>\n<li>analisi dei dati sportivi<\/li>\n<li>ambiti medico\u2013paramedici<\/li>\n<li>comunicazione e marketing sportivo<\/li>\n<\/ul>\n<p>Inoltre, Attraverso i PCTO (Percorsi per le Competenze Trasversali e per l\u2019Orientamento), gli studenti entrano in contatto con diversi ambiti operativi del settore sportivo e manageriale.<\/p>\n<p>[\/et_pb_text][\/et_pb_column][et_pb_column type=&#8221;1_3&#8243; _builder_version=&#8221;4.27.6&#8243; _module_preset=&#8221;default&#8221; global_colors_info=&#8221;{}&#8221;][et_pb_image src=&#8221;https:\/\/worldinternationalschool.com\/wp-content\/uploads\/2026\/03\/accesso_LSS.jpg&#8221; title_text=&#8221;accesso_LSS&#8221; _builder_version=&#8221;4.27.6&#8243; _module_preset=&#8221;default&#8221; global_colors_info=&#8221;{}&#8221;][\/et_pb_image][\/et_pb_column][\/et_pb_row][\/et_pb_section][et_pb_section fb_built=&#8221;1&#8243; _builder_version=&#8221;4.27.6&#8243; _module_preset=&#8221;default&#8221; background_color=&#8221;#003B4F&#8221; global_colors_info=&#8221;{}&#8221;][et_pb_row column_structure=&#8221;3_5,2_5&#8243; _builder_version=&#8221;4.27.6&#8243; _module_preset=&#8221;default&#8221; global_colors_info=&#8221;{}&#8221;][et_pb_column type=&#8221;3_5&#8243; _builder_version=&#8221;4.27.6&#8243; _module_preset=&#8221;default&#8221; global_colors_info=&#8221;{}&#8221;][et_pb_image src=&#8221;https:\/\/worldinternationalschool.com\/wp-content\/uploads\/2026\/03\/campus_LSS.jpg&#8221; title_text=&#8221;campus_LSS&#8221; _builder_version=&#8221;4.27.6&#8243; _module_preset=&#8221;default&#8221; global_colors_info=&#8221;{}&#8221;][\/et_pb_image][\/et_pb_column][et_pb_column type=&#8221;2_5&#8243; _builder_version=&#8221;4.27.6&#8243; _module_preset=&#8221;default&#8221; global_colors_info=&#8221;{}&#8221;][et_pb_text _builder_version=&#8221;4.27.6&#8243; _module_preset=&#8221;default&#8221; text_font_size=&#8221;16px&#8221; header_2_font=&#8221;&#8211;et_global_body_font|700|||||||&#8221; header_2_font_size=&#8221;44px&#8221; background_layout=&#8221;dark&#8221; custom_css_free_form=&#8221;selector h2{margin-bottom:40px;}||selector p {padding-bottom: 1em !important;}&#8221; global_colors_info=&#8221;{}&#8221;]<\/p>\n<h2>Un <span style=\"color:#C29D60;\">campus<\/span>, una grande comunit\u00e0<\/h2>\n<p>LSS by WINS \u00e8 un nuovo tassello dell\u2019esperienza educativa WINS e tutti i nuovi studenti faranno pienamente parte della nostra comunit\u00e0 e avranno accesso a tutti gli spazi del Campus:<\/p>\n<ul>\n<li>Laboratori scientifici<\/li>\n<li>Spazi tecnologici<\/li>\n<li>Biblioteca e aree studio<\/li>\n<li>Palestra, piscina e spazi multisport<\/li>\n<li>Ambienti dedicati al benessere e alla vita scolastica<\/li>\n<\/ul>\n<p>[\/et_pb_text][\/et_pb_column][\/et_pb_row][et_pb_row column_structure=&#8221;3_5,2_5&#8243; _builder_version=&#8221;4.27.6&#8243; _module_preset=&#8221;default&#8221; global_colors_info=&#8221;{}&#8221;][et_pb_column type=&#8221;3_5&#8243; _builder_version=&#8221;4.27.6&#8243; _module_preset=&#8221;default&#8221; global_colors_info=&#8221;{}&#8221;][et_pb_text _builder_version=&#8221;4.27.6&#8243; _module_preset=&#8221;default&#8221; text_font_size=&#8221;16px&#8221; header_2_font=&#8221;&#8211;et_global_body_font|700|||||||&#8221; header_2_font_size=&#8221;44px&#8221; background_layout=&#8221;dark&#8221; custom_css_free_form=&#8221;selector h2{margin-bottom:40px;}||selector p {padding-bottom: 1em !important;}&#8221; global_colors_info=&#8221;{}&#8221;]<\/p>\n<h2>Una <span style=\"color:#C29D60;\">Boarding House<\/span>, per un\u2019esperienza completa.<\/h2>\n<p>Per gli studenti che provengono da altre citt\u00e0 o dall\u2019estero, \u00e8 disponibile la Boarding House WINS. Una soluzione residenziale, sicura e strutturata all\u2019interno del Campus che permette agli studenti di vivere appieno l\u2019esperienza scolastica, favorendo autonomia, responsabilit\u00e0 e gestione del tempo.<\/p>\n<ul>\n<li>Ambiente residenziale organizzato e supervisionato<\/li>\n<li>Spazi di studio dedicati<\/li>\n<li>Supporto educativo quotidiano<\/li>\n<li>Integrazione nella vita del campus<\/li>\n<\/ul>\n<p>[\/et_pb_text][\/et_pb_column][et_pb_column type=&#8221;2_5&#8243; _builder_version=&#8221;4.27.6&#8243; _module_preset=&#8221;default&#8221; global_colors_info=&#8221;{}&#8221;][et_pb_image src=&#8221;https:\/\/worldinternationalschool.com\/wp-content\/uploads\/2026\/03\/house_LSS.jpg&#8221; title_text=&#8221;house_LSS&#8221; _builder_version=&#8221;4.27.6&#8243; _module_preset=&#8221;default&#8221; global_colors_info=&#8221;{}&#8221;][\/et_pb_image][\/et_pb_column][\/et_pb_row][\/et_pb_section][et_pb_section fb_built=&#8221;1&#8243; _builder_version=&#8221;4.27.6&#8243; _module_preset=&#8221;default&#8221; global_colors_info=&#8221;{}&#8221;][et_pb_row column_structure=&#8221;1_2,1_2&#8243; _builder_version=&#8221;4.27.6&#8243; _module_preset=&#8221;default&#8221; global_colors_info=&#8221;{}&#8221;][et_pb_column type=&#8221;1_2&#8243; _builder_version=&#8221;4.27.6&#8243; _module_preset=&#8221;default&#8221; global_colors_info=&#8221;{}&#8221;][et_pb_text _builder_version=&#8221;4.27.6&#8243; _module_preset=&#8221;default&#8221; text_font=&#8221;|700|||||||&#8221; header_2_font=&#8221;&#8211;et_global_body_font|700|||||||&#8221; header_2_text_color=&#8221;#000000&#8243; header_2_font_size=&#8221;44px&#8221; global_colors_info=&#8221;{}&#8221;]<\/p>\n<h2>Prenota un incontro con il Preside Franco Cossard.<\/h2>\n<p>[\/et_pb_text][\/et_pb_column][et_pb_column type=&#8221;1_2&#8243; _builder_version=&#8221;4.27.6&#8243; _module_preset=&#8221;default&#8221; global_colors_info=&#8221;{}&#8221;][wpforms_selector form_id=&#8221;13868&#8243; _builder_version=&#8221;4.27.6&#8243; _module_preset=&#8221;default&#8221; global_colors_info=&#8221;{}&#8221;][\/wpforms_selector][\/et_pb_column][\/et_pb_row][\/et_pb_section]<\/p>\n","protected":false},"excerpt":{"rendered":"<p>Entrain classePista Scopri il nuovo percorso di Maturit\u00e0 a indirizzo scientifico sportivo.BENVENUTI IN LSS BY WINSIl percorso di Maturit\u00e0 Italiana a misura di Atleta Internazionale LSS by WINS \u00e8 il percorso di Maturit\u00e0 Scientifica a indirizzo Sportivo pensato per studenti che desiderano conciliare un impegno sportivo strutturato con una preparazione scientifica completa e riconosciuta. Un [&hellip;]<\/p>\n","protected":false},"author":8,"featured_media":0,"parent":0,"menu_order":0,"comment_status":"closed","ping_status":"closed","template":"","meta":{"_et_pb_use_builder":"on","_et_pb_old_content":"","_et_gb_content_width":"","inline_featured_image":false,"footnotes":""},"class_list":["post-13961","page","type-page","status-publish","hentry"],"yoast_head":"<!-- This site is optimized with the Yoast SEO plugin v27.4 - https:\/\/yoast.com\/product\/yoast-seo-wordpress\/ -->\n<title>LSS - Liceo Scientifico Sportivo - worldinternationalschool<\/title>\n<meta name=\"robots\" content=\"noindex, nofollow\" \/>\n<meta property=\"og:locale\" content=\"en_US\" \/>\n<meta property=\"og:type\" content=\"article\" \/>\n<meta property=\"og:title\" content=\"LSS - Liceo Scientifico Sportivo - worldinternationalschool\" \/>\n<meta property=\"og:description\" content=\"Entrain classePista Scopri il nuovo percorso di Maturit\u00e0 a indirizzo scientifico sportivo.BENVENUTI IN LSS BY WINSIl percorso di Maturit\u00e0 Italiana a misura di Atleta Internazionale LSS by WINS \u00e8 il percorso di Maturit\u00e0 Scientifica a indirizzo Sportivo pensato per studenti che desiderano conciliare un impegno sportivo strutturato con una preparazione scientifica completa e riconosciuta. Un [&hellip;]\" \/>\n<meta property=\"og:url\" content=\"https:\/\/worldinternationalschool.com\/en\/lss-liceo-scientifico-sportivo\/\" \/>\n<meta property=\"og:site_name\" content=\"worldinternationalschool\" \/>\n<meta property=\"article:publisher\" content=\"https:\/\/www.facebook.com\/WORLDINTERNATIONALSCHOOL\/\" \/>\n<meta property=\"article:modified_time\" content=\"2026-04-22T13:56:00+00:00\" \/>\n<meta name=\"twitter:card\" content=\"summary_large_image\" \/>\n<meta name=\"twitter:label1\" content=\"Est. reading time\" \/>\n\t<meta name=\"twitter:data1\" content=\"5 minutes\" \/>\n<script type=\"application\/ld+json\" class=\"yoast-schema-graph\">{\"@context\":\"https:\\\/\\\/schema.org\",\"@graph\":[{\"@type\":\"WebPage\",\"@id\":\"https:\\\/\\\/worldinternationalschool.com\\\/en\\\/lss-liceo-scientifico-sportivo\\\/\",\"url\":\"https:\\\/\\\/worldinternationalschool.com\\\/en\\\/lss-liceo-scientifico-sportivo\\\/\",\"name\":\"LSS - Liceo Scientifico Sportivo - worldinternationalschool\",\"isPartOf\":{\"@id\":\"https:\\\/\\\/worldinternationalschool.com\\\/#website\"},\"datePublished\":\"2026-03-18T09:11:56+00:00\",\"dateModified\":\"2026-04-22T13:56:00+00:00\",\"breadcrumb\":{\"@id\":\"https:\\\/\\\/worldinternationalschool.com\\\/en\\\/lss-liceo-scientifico-sportivo\\\/#breadcrumb\"},\"inLanguage\":\"en-US\",\"potentialAction\":[{\"@type\":\"ReadAction\",\"target\":[\"https:\\\/\\\/worldinternationalschool.com\\\/en\\\/lss-liceo-scientifico-sportivo\\\/\"]}]},{\"@type\":\"BreadcrumbList\",\"@id\":\"https:\\\/\\\/worldinternationalschool.com\\\/en\\\/lss-liceo-scientifico-sportivo\\\/#breadcrumb\",\"itemListElement\":[{\"@type\":\"ListItem\",\"position\":1,\"name\":\"Home\",\"item\":\"https:\\\/\\\/worldinternationalschoolcom.kinsta.cloud\\\/en\\\/\"},{\"@type\":\"ListItem\",\"position\":2,\"name\":\"LSS &#8211; Liceo Scientifico Sportivo\"}]},{\"@type\":\"WebSite\",\"@id\":\"https:\\\/\\\/worldinternationalschool.com\\\/#website\",\"url\":\"https:\\\/\\\/worldinternationalschool.com\\\/\",\"name\":\"worldinternationalschool\",\"description\":\"Scuola Internazionale Torino\",\"publisher\":{\"@id\":\"https:\\\/\\\/worldinternationalschool.com\\\/#organization\"},\"potentialAction\":[{\"@type\":\"SearchAction\",\"target\":{\"@type\":\"EntryPoint\",\"urlTemplate\":\"https:\\\/\\\/worldinternationalschool.com\\\/?s={search_term_string}\"},\"query-input\":{\"@type\":\"PropertyValueSpecification\",\"valueRequired\":true,\"valueName\":\"search_term_string\"}}],\"inLanguage\":\"en-US\"},{\"@type\":\"Organization\",\"@id\":\"https:\\\/\\\/worldinternationalschool.com\\\/#organization\",\"name\":\"WINS - World International School Torino\",\"url\":\"https:\\\/\\\/worldinternationalschool.com\\\/\",\"logo\":{\"@type\":\"ImageObject\",\"inLanguage\":\"en-US\",\"@id\":\"https:\\\/\\\/worldinternationalschool.com\\\/#\\\/schema\\\/logo\\\/image\\\/\",\"url\":\"https:\\\/\\\/worldinternationalschool.com\\\/wp-content\\\/uploads\\\/2017\\\/04\\\/00_logo_color_300x180.png\",\"contentUrl\":\"https:\\\/\\\/worldinternationalschool.com\\\/wp-content\\\/uploads\\\/2017\\\/04\\\/00_logo_color_300x180.png\",\"width\":300,\"height\":180,\"caption\":\"WINS - World International School Torino\"},\"image\":{\"@id\":\"https:\\\/\\\/worldinternationalschool.com\\\/#\\\/schema\\\/logo\\\/image\\\/\"},\"sameAs\":[\"https:\\\/\\\/www.facebook.com\\\/WORLDINTERNATIONALSCHOOL\\\/\",\"https:\\\/\\\/it.linkedin.com\\\/company\\\/world-international-school---torino-wins-\",\"https:\\\/\\\/www.youtube.com\\\/channel\\\/UCKwjF7-Lb28C3aVcMxWJReQ\"]}]}<\/script>\n<!-- \/ Yoast SEO plugin. -->","yoast_head_json":{"title":"LSS - Liceo Scientifico Sportivo - worldinternationalschool","robots":{"index":"noindex","follow":"nofollow"},"og_locale":"en_US","og_type":"article","og_title":"LSS - Liceo Scientifico Sportivo - worldinternationalschool","og_description":"Entrain classePista Scopri il nuovo percorso di Maturit\u00e0 a indirizzo scientifico sportivo.BENVENUTI IN LSS BY WINSIl percorso di Maturit\u00e0 Italiana a misura di Atleta Internazionale LSS by WINS \u00e8 il percorso di Maturit\u00e0 Scientifica a indirizzo Sportivo pensato per studenti che desiderano conciliare un impegno sportivo strutturato con una preparazione scientifica completa e riconosciuta. Un [&hellip;]","og_url":"https:\/\/worldinternationalschool.com\/en\/lss-liceo-scientifico-sportivo\/","og_site_name":"worldinternationalschool","article_publisher":"https:\/\/www.facebook.com\/WORLDINTERNATIONALSCHOOL\/","article_modified_time":"2026-04-22T13:56:00+00:00","twitter_card":"summary_large_image","twitter_misc":{"Est. reading time":"5 minutes"},"schema":{"@context":"https:\/\/schema.org","@graph":[{"@type":"WebPage","@id":"https:\/\/worldinternationalschool.com\/en\/lss-liceo-scientifico-sportivo\/","url":"https:\/\/worldinternationalschool.com\/en\/lss-liceo-scientifico-sportivo\/","name":"LSS - Liceo Scientifico Sportivo - worldinternationalschool","isPartOf":{"@id":"https:\/\/worldinternationalschool.com\/#website"},"datePublished":"2026-03-18T09:11:56+00:00","dateModified":"2026-04-22T13:56:00+00:00","breadcrumb":{"@id":"https:\/\/worldinternationalschool.com\/en\/lss-liceo-scientifico-sportivo\/#breadcrumb"},"inLanguage":"en-US","potentialAction":[{"@type":"ReadAction","target":["https:\/\/worldinternationalschool.com\/en\/lss-liceo-scientifico-sportivo\/"]}]},{"@type":"BreadcrumbList","@id":"https:\/\/worldinternationalschool.com\/en\/lss-liceo-scientifico-sportivo\/#breadcrumb","itemListElement":[{"@type":"ListItem","position":1,"name":"Home","item":"https:\/\/worldinternationalschoolcom.kinsta.cloud\/en\/"},{"@type":"ListItem","position":2,"name":"LSS &#8211; Liceo Scientifico Sportivo"}]},{"@type":"WebSite","@id":"https:\/\/worldinternationalschool.com\/#website","url":"https:\/\/worldinternationalschool.com\/","name":"worldinternationalschool","description":"Scuola Internazionale Torino","publisher":{"@id":"https:\/\/worldinternationalschool.com\/#organization"},"potentialAction":[{"@type":"SearchAction","target":{"@type":"EntryPoint","urlTemplate":"https:\/\/worldinternationalschool.com\/?s={search_term_string}"},"query-input":{"@type":"PropertyValueSpecification","valueRequired":true,"valueName":"search_term_string"}}],"inLanguage":"en-US"},{"@type":"Organization","@id":"https:\/\/worldinternationalschool.com\/#organization","name":"WINS - World International School Torino","url":"https:\/\/worldinternationalschool.com\/","logo":{"@type":"ImageObject","inLanguage":"en-US","@id":"https:\/\/worldinternationalschool.com\/#\/schema\/logo\/image\/","url":"https:\/\/worldinternationalschool.com\/wp-content\/uploads\/2017\/04\/00_logo_color_300x180.png","contentUrl":"https:\/\/worldinternationalschool.com\/wp-content\/uploads\/2017\/04\/00_logo_color_300x180.png","width":300,"height":180,"caption":"WINS - World International School Torino"},"image":{"@id":"https:\/\/worldinternationalschool.com\/#\/schema\/logo\/image\/"},"sameAs":["https:\/\/www.facebook.com\/WORLDINTERNATIONALSCHOOL\/","https:\/\/it.linkedin.com\/company\/world-international-school---torino-wins-","https:\/\/www.youtube.com\/channel\/UCKwjF7-Lb28C3aVcMxWJReQ"]}]}},"_links":{"self":[{"href":"https:\/\/www.worldinternationalschool.com\/en\/wp-json\/wp\/v2\/pages\/13961","targetHints":{"allow":["GET"]}}],"collection":[{"href":"https:\/\/www.worldinternationalschool.com\/en\/wp-json\/wp\/v2\/pages"}],"about":[{"href":"https:\/\/www.worldinternationalschool.com\/en\/wp-json\/wp\/v2\/types\/page"}],"author":[{"embeddable":true,"href":"https:\/\/www.worldinternationalschool.com\/en\/wp-json\/wp\/v2\/users\/8"}],"replies":[{"embeddable":true,"href":"https:\/\/www.worldinternationalschool.com\/en\/wp-json\/wp\/v2\/comments?post=13961"}],"version-history":[{"count":1,"href":"https:\/\/www.worldinternationalschool.com\/en\/wp-json\/wp\/v2\/pages\/13961\/revisions"}],"predecessor-version":[{"id":13962,"href":"https:\/\/www.worldinternationalschool.com\/en\/wp-json\/wp\/v2\/pages\/13961\/revisions\/13962"}],"wp:attachment":[{"href":"https:\/\/www.worldinternationalschool.com\/en\/wp-json\/wp\/v2\/media?parent=13961"}],"curies":[{"name":"wp","href":"https:\/\/api.w.org\/{rel}","templated":true}]}}